{"id":64588,"date":"2025-03-25T19:39:31","date_gmt":"2025-03-25T18:39:31","guid":{"rendered":"https:\/\/salenthub.it\/negozio\/uncategorized\/metiusco-between-cellar-and-vineyards\/"},"modified":"2026-01-31T19:07:40","modified_gmt":"2026-01-31T18:07:40","slug":"metiusco-between-cellar-and-vineyards","status":"publish","type":"product","link":"https:\/\/salenthub.it\/en\/negozio\/extra-services\/guided-tours\/metiusco-between-cellar-and-vineyards\/","title":{"rendered":"Metiusco between Cellar and Vineyards"},"content":{"rendered":"<div class=\"mcb-wrap-background-overlay\"><\/div>\n<div class=\"column mcb-column mcb-item-s8spk9upi one laptop-one tablet-one mobile-one column_heading\">\n<div class=\"mcb-column-inner mfn-module-wrapper mcb-column-inner-s8spk9upi mcb-item-heading-inner\">\n<h2 class=\"title\">Book your tasting at Vinicola Palam\u00e0!<\/h2>\n<\/div>\n<\/div>\n<div class=\"column mcb-column mcb-item-18xyx2aua two-third laptop-two-third tablet-two-third mobile-one column_heading\">\n<div class=\"mcb-column-inner mfn-module-wrapper mcb-column-inner-18xyx2aua mcb-item-heading-inner\">\n<h5 class=\"title\"><\/h5>\n<p class=\"big\">The <strong><em>&#8220;Wine tastings&#8221;<\/em><\/strong> are an opportunity to discover the world of the winery, the history of the Palam\u00e0 family, and of course, its wines.<\/p>\n<h2 align=\"left\"><em><span style=\"color: #2c363a;\"><span style=\"font-family: Calibri, sans-serif;\"><span style=\"font-size: large;\">Metiusco between Cellar and Vineyards<\/span><\/span><\/span><\/em><\/h2>\n<p align=\"left\"><span style=\"color: #2c363a;\"><span style=\"font-family: Calibri, sans-serif;\"><span style=\"font-size: medium;\"><b><br \/>\n<\/b>Duration 90 minutes \/ \u20ac30 per person<br \/>\nThe tour includes a walk among the vines, a tour of the winery, and a tasting of the Metiusco line: Metiusco Bianco, Metiusco Rosato, Metiusco Rosso, and Metiusco Anniversario. <\/span><\/span><\/span><\/p>\n<\/div>\n<\/div>\n<p align=\"left\"><span style=\"color: #2c363a;\"><span style=\"font-family: Calibri, sans-serif;\"><span style=\"font-size: medium;\">Our packages for visits\/tastings can take place <strong>in the morning from Monday to Friday from 9.30 am to 12.30 pm<\/strong> and <strong>in the afternoon only on Monday\/Wednesday\/Friday from 4.30 pm to 6.30 pm.<\/strong><\/span><\/span><\/span><\/p>\n<p align=\"left\">The tour departs from <a href=\"https:\/\/maps.app.goo.gl\/SA4Bmk6sQSRM7DjG8\" target=\"_blank\" rel=\"noopener\" data-cmp-ab=\"2\">Via Armando Diaz, 6<br \/>\nCutrofiano (LE)<\/a><\/p>\n<p align=\"left\">Need a transfer? Contact us at +39 329 233 3028. <\/p>\n<p align=\"left\">This service is offered by Vinicola Palam\u00e0.<\/p>\n<p><a href=\"https:\/\/salenthub.it\/wp-content\/uploads\/2025\/03\/logo-Palama-vini.png\" data-rel=\"lightbox-image-0\" data-rl_title=\"\" data-rl_caption=\"\" title=\"\"><img fetchpriority=\"high\" decoding=\"async\" class=\"alignnone size-medium wp-image-47577\" src=\"https:\/\/salenthub.it\/wp-content\/uploads\/2025\/03\/logo-Palama-vini-300x192.png\" alt=\"\" width=\"300\" height=\"192\" title=\"\" srcset=\"https:\/\/salenthub.it\/wp-content\/uploads\/2025\/03\/logo-Palama-vini-300x192.png 300w, https:\/\/salenthub.it\/wp-content\/uploads\/2025\/03\/logo-Palama-vini-440x282.png 440w, https:\/\/salenthub.it\/wp-content\/uploads\/2025\/03\/logo-Palama-vini.png 483w\" sizes=\"(max-width: 300px) 100vw, 300px\" \/><\/a><\/p>\n<p align=\"left\"><span style=\"color: #2c363a;\"> <\/span><\/p>\n","protected":false},"excerpt":{"rendered":"<p><span style=\"color: #2c363a;\"><span style=\"font-family: Calibri, sans-serif;\"><span style=\"font-size: small;\">Duration 60 minutes \/ \u20ac18 per person<br \/>\nThe tour includes a tour of the winery and a tasting of the Nin\u00ec Palam\u00e0 line: Nin\u00ec Bianco, Nin\u00ec Rosato, and Nin\u00ec Rosso. <\/span><\/span><\/span><\/p>\n","protected":false},"featured_media":65844,"comment_status":"open","ping_status":"closed","template":"","meta":{"_acf_changed":false,"inline_featured_image":false},"product_brand":[],"product_cat":[592],"product_tag":[620,593,1156,1155],"giftcard-category":[],"class_list":{"0":"post-64588","1":"product","2":"type-product","3":"status-publish","4":"has-post-thumbnail","6":"product_cat-guided-tours","7":"product_tag-car-rental","8":"product_tag-transfer","9":"product_tag-wine","10":"product_tag-wine-tasting","12":"first","13":"instock","14":"taxable","15":"shipping-taxable","16":"purchasable","17":"product-type-simple"},"acf":[],"_links":{"self":[{"href":"https:\/\/salenthub.it\/en\/wp-json\/wp\/v2\/product\/64588","targetHints":{"allow":["GET"]}}],"collection":[{"href":"https:\/\/salenthub.it\/en\/wp-json\/wp\/v2\/product"}],"about":[{"href":"https:\/\/salenthub.it\/en\/wp-json\/wp\/v2\/types\/product"}],"replies":[{"embeddable":true,"href":"https:\/\/salenthub.it\/en\/wp-json\/wp\/v2\/comments?post=64588"}],"wp:featuredmedia":[{"embeddable":true,"href":"https:\/\/salenthub.it\/en\/wp-json\/wp\/v2\/media\/65844"}],"wp:attachment":[{"href":"https:\/\/salenthub.it\/en\/wp-json\/wp\/v2\/media?parent=64588"}],"wp:term":[{"taxonomy":"product_brand","embeddable":true,"href":"https:\/\/salenthub.it\/en\/wp-json\/wp\/v2\/product_brand?post=64588"},{"taxonomy":"product_cat","embeddable":true,"href":"https:\/\/salenthub.it\/en\/wp-json\/wp\/v2\/product_cat?post=64588"},{"taxonomy":"product_tag","embeddable":true,"href":"https:\/\/salenthub.it\/en\/wp-json\/wp\/v2\/product_tag?post=64588"},{"taxonomy":"giftcard-category","embeddable":true,"href":"https:\/\/salenthub.it\/en\/wp-json\/wp\/v2\/giftcard-category?post=64588"}],"curies":[{"name":"wp","href":"https:\/\/api.w.org\/{rel}","templated":true}]}}